{"id":88396,"date":"2025-09-05T10:28:56","date_gmt":"2025-09-05T10:28:56","guid":{"rendered":"http:\/\/busoshoes.it\/?page_id=88396"},"modified":"2025-09-15T10:43:19","modified_gmt":"2025-09-15T10:43:19","slug":"catalogo","status":"publish","type":"page","link":"http:\/\/busoshoes.it\/?page_id=88396","title":{"rendered":"Catalogo"},"content":{"rendered":"<p>[et_pb_section fb_built=&#8221;1&#8243; admin_label=&#8221;Product&#8221; _builder_version=&#8221;4.27.4&#8243; _module_preset=&#8221;default&#8221; background_color=&#8221;#000000&#8243; collapsed=&#8221;on&#8221; global_colors_info=&#8221;{}&#8221;][et_pb_row _builder_version=&#8221;4.22.0&#8243; _module_preset=&#8221;default&#8221; global_colors_info=&#8221;{}&#8221;][et_pb_column type=&#8221;4_4&#8243; _builder_version=&#8221;4.22.0&#8243; _module_preset=&#8221;default&#8221; global_colors_info=&#8221;{}&#8221;][et_pb_text _builder_version=&#8221;4.27.4&#8243; _module_preset=&#8221;06990896-3a6b-40d1-a916-bebccab1dbb3&#8243; text_text_color=&#8221;#1f1cb2&#8243; custom_margin=&#8221;||10px||false|false&#8221; locked=&#8221;off&#8221; global_colors_info=&#8221;{}&#8221;]<\/p>\n<h2 style=\"text-align: center;\"><span style=\"color: #1f1cb2;\">Buso Shoes Collezioni<\/span><span style=\"color: #1f1cb2;\">\u00a0 \u00a0<\/span><\/h2>\n<h2 class=\"text-uppercase tm-services-page-title\"><\/h2>\n<h2><\/h2>\n<h2 class=\"text-uppercase tm-services-page-title\"><\/h2>\n<p>[\/et_pb_text][\/et_pb_column][\/et_pb_row][\/et_pb_section][et_pb_section fb_built=&#8221;1&#8243; admin_label=&#8221;Featured Offer&#8221; _builder_version=&#8221;4.22.0&#8243; _module_preset=&#8221;default&#8221; background_color=&#8221;gcid-28366106-ecf8-496b-97f0-6a9be6882356&#8243; custom_padding=&#8221;7px|||||&#8221; locked=&#8221;off&#8221; collapsed=&#8221;on&#8221; global_colors_info=&#8221;{%22gcid-28366106-ecf8-496b-97f0-6a9be6882356%22:%91%22background_color%22%93}&#8221;][et_pb_row column_structure=&#8221;1_2,1_2&#8243; make_equal=&#8221;on&#8221; _builder_version=&#8221;4.27.4&#8243; _module_preset=&#8221;default&#8221; locked=&#8221;off&#8221; global_colors_info=&#8221;{}&#8221;][et_pb_column type=&#8221;1_2&#8243; _builder_version=&#8221;4.22.0&#8243; _module_preset=&#8221;default&#8221; custom_padding=&#8221;60px||60px||true|false&#8221; custom_padding_tablet=&#8221;0px||0px||true|false&#8221; custom_padding_phone=&#8221;0px||0px||true|false&#8221; custom_padding_last_edited=&#8221;on|desktop&#8221; global_colors_info=&#8221;{}&#8221;][et_pb_text _builder_version=&#8221;4.27.4&#8243; _module_preset=&#8221;867ecb90-5730-4178-be3e-3f9436e33dec&#8221; header_2_text_color=&#8221;#FFFFFF&#8221; global_colors_info=&#8221;{}&#8221;]<\/p>\n<h2><span style=\"color: #1f1cb2;\"><strong data-start=\"290\" data-end=\"356\">Catalogo Busoshoes<\/strong><\/span><\/h2>\n<h2><\/h2>\n<p>[\/et_pb_text][et_pb_text _builder_version=&#8221;4.27.4&#8243; _module_preset=&#8221;9aac4d76-a642-444d-bc7b-35b9b8598ff8&#8243; text_text_color=&#8221;#FFFFFF&#8221; global_colors_info=&#8221;{}&#8221;]<\/p>\n<p data-start=\"986\" data-end=\"1360\">Benvenuta nel nostro catalogo generale, il punto di riferimento per chi cerca stile, qualit\u00e0 e convenienza. Qui trovi tutte le nostre collezioni di scarpe da donna: dalle ultime novit\u00e0 di stagione ai modelli evergreen, perfetti per ogni occasione. Sfoglia un\u2019ampia selezione che unisce tendenze, comfort e design, con proposte adatte a ogni stile e necessit\u00e0. Non mancano le promozioni speciali, le offerte esclusive e i best seller pi\u00f9 amati. Che tu cerchi eleganza, praticit\u00e0 o un tocco di originalit\u00e0, questo \u00e8 il posto giusto per trovare la scarpa perfetta.<\/p>\n<p data-start=\"1362\" data-end=\"1506\">[\/et_pb_text][\/et_pb_column][et_pb_column type=&#8221;1_2&#8243; _builder_version=&#8221;4.27.4&#8243; _module_preset=&#8221;default&#8221; background_enable_image=&#8221;off&#8221; border_radii=&#8221;on|20px|20px|20px|20px&#8221; global_colors_info=&#8221;{}&#8221;][et_pb_divider show_divider=&#8221;off&#8221; _builder_version=&#8221;4.22.0&#8243; _module_preset=&#8221;default&#8221; height_tablet=&#8221;40vw&#8221; height_phone=&#8221;40vw&#8221; height_last_edited=&#8221;on|desktop&#8221; locked=&#8221;off&#8221; global_colors_info=&#8221;{}&#8221;][\/et_pb_divider][et_pb_gallery gallery_ids=&#8221;88604,88606,88609,88613,88616,88619,88620,88621,88622,88623,88624,88625,88626,88628,88629,88630,88631,88632,88633,88634,88635,88636,88637,88638,88639,88640,88641,88642,88643,88644,88645,88646,88647,88648,88650,88651,88652,88653,88654,88655,88656,88657,88658,88659,88660,88661,88662,88663,88664,88665,88666,88667,88668,88669,88670,88671,88672,88673,88674,88675,88676,88677,88678,88679,88680,88681,88682,88683,88684,88685,88686,88687,88688,88689,88690,88691,88692,88693,88694,88695,88696,88697,88698,88699,88700,88701,88702,88703,88704,88705,88706,88707,88708,88709,88710,88711,88712,88713,88714,88715,88716,88717,88718,88719,88720,88721,88722,88723,88724,88725,88726,88727,88728,88729,88730,88731,88732,88733,88734,88735,88736,88737,88738,88739,88740,88741,88742,88743,88744,88745,88746,88747,88748,88749,88750,88751,88752,88753,88754,88755,88756,88757,88758,88759,88760,88761,88762,88763,88764,88765,88766,88767,88768,88769,88770,88771,88772,88773,88774,88775,88776&#8243; fullwidth=&#8221;on&#8221; _builder_version=&#8221;4.27.4&#8243; _module_preset=&#8221;default&#8221; hover_enabled=&#8221;0&#8243; global_colors_info=&#8221;{}&#8221; sticky_enabled=&#8221;0&#8243;][\/et_pb_gallery][\/et_pb_column][\/et_pb_row][\/et_pb_section]<\/p>\n","protected":false},"excerpt":{"rendered":"<p>Buso Shoes Collezioni\u00a0 \u00a0 Catalogo Busoshoes Benvenuta nel nostro catalogo generale, il punto di riferimento per chi cerca stile, qualit\u00e0 e convenienza. Qui trovi tutte le nostre collezioni di scarpe da donna: dalle ultime novit\u00e0 di stagione ai modelli evergreen, perfetti per ogni occasione. Sfoglia un\u2019ampia selezione che unisce tendenze, comfort e design, con proposte [&hellip;]<\/p>\n","protected":false},"author":2,"featured_media":0,"parent":0,"menu_order":0,"comment_status":"closed","ping_status":"closed","template":"","meta":{"_et_pb_use_builder":"on","_et_pb_old_content":"","_et_gb_content_width":"","footnotes":""},"class_list":["post-88396","page","type-page","status-publish","hentry"],"_links":{"self":[{"href":"http:\/\/busoshoes.it\/index.php?rest_route=\/wp\/v2\/pages\/88396","targetHints":{"allow":["GET"]}}],"collection":[{"href":"http:\/\/busoshoes.it\/index.php?rest_route=\/wp\/v2\/pages"}],"about":[{"href":"http:\/\/busoshoes.it\/index.php?rest_route=\/wp\/v2\/types\/page"}],"author":[{"embeddable":true,"href":"http:\/\/busoshoes.it\/index.php?rest_route=\/wp\/v2\/users\/2"}],"replies":[{"embeddable":true,"href":"http:\/\/busoshoes.it\/index.php?rest_route=%2Fwp%2Fv2%2Fcomments&post=88396"}],"version-history":[{"count":4,"href":"http:\/\/busoshoes.it\/index.php?rest_route=\/wp\/v2\/pages\/88396\/revisions"}],"predecessor-version":[{"id":89019,"href":"http:\/\/busoshoes.it\/index.php?rest_route=\/wp\/v2\/pages\/88396\/revisions\/89019"}],"wp:attachment":[{"href":"http:\/\/busoshoes.it\/index.php?rest_route=%2Fwp%2Fv2%2Fmedia&parent=88396"}],"curies":[{"name":"wp","href":"https:\/\/api.w.org\/{rel}","templated":true}]}}