{"id":88393,"date":"2025-09-05T10:28:09","date_gmt":"2025-09-05T10:28:09","guid":{"rendered":"http:\/\/busoshoes.it\/?page_id=88393"},"modified":"2026-03-26T09:26:45","modified_gmt":"2026-03-26T09:26:45","slug":"pe-2024","status":"publish","type":"page","link":"http:\/\/busoshoes.it\/?page_id=88393","title":{"rendered":"PE 2024"},"content":{"rendered":"<p>[et_pb_section fb_built=&#8221;1&#8243; admin_label=&#8221;Product&#8221; _builder_version=&#8221;4.27.4&#8243; _module_preset=&#8221;default&#8221; background_color=&#8221;#000000&#8243; collapsed=&#8221;on&#8221; global_colors_info=&#8221;{}&#8221;][et_pb_row _builder_version=&#8221;4.22.0&#8243; _module_preset=&#8221;default&#8221; global_colors_info=&#8221;{}&#8221;][et_pb_column type=&#8221;4_4&#8243; _builder_version=&#8221;4.22.0&#8243; _module_preset=&#8221;default&#8221; global_colors_info=&#8221;{}&#8221;][et_pb_text _builder_version=&#8221;4.27.4&#8243; _module_preset=&#8221;06990896-3a6b-40d1-a916-bebccab1dbb3&#8243; text_text_color=&#8221;#1f1cb2&#8243; custom_margin=&#8221;||10px||false|false&#8221; locked=&#8221;off&#8221; global_colors_info=&#8221;{}&#8221;]<\/p>\n<h2 style=\"text-align: center;\"><span style=\"color: #1f1cb2;\">Buso Shoes Collezioni<\/span><span style=\"color: #1f1cb2;\">\u00a0 \u00a0<\/span><\/h2>\n<h2 class=\"text-uppercase tm-services-page-title\"><\/h2>\n<h2><\/h2>\n<h2 class=\"text-uppercase tm-services-page-title\"><\/h2>\n<p>[\/et_pb_text][\/et_pb_column][\/et_pb_row][\/et_pb_section][et_pb_section fb_built=&#8221;1&#8243; admin_label=&#8221;Featured Offer&#8221; _builder_version=&#8221;4.22.0&#8243; _module_preset=&#8221;default&#8221; background_color=&#8221;gcid-28366106-ecf8-496b-97f0-6a9be6882356&#8243; custom_padding=&#8221;7px|||||&#8221; locked=&#8221;off&#8221; collapsed=&#8221;on&#8221; global_colors_info=&#8221;{%22gcid-28366106-ecf8-496b-97f0-6a9be6882356%22:%91%22background_color%22%93}&#8221;][et_pb_row column_structure=&#8221;1_2,1_2&#8243; make_equal=&#8221;on&#8221; _builder_version=&#8221;4.27.4&#8243; _module_preset=&#8221;default&#8221; locked=&#8221;off&#8221; global_colors_info=&#8221;{}&#8221;][et_pb_column type=&#8221;1_2&#8243; _builder_version=&#8221;4.22.0&#8243; _module_preset=&#8221;default&#8221; custom_padding=&#8221;60px||60px||true|false&#8221; custom_padding_tablet=&#8221;0px||0px||true|false&#8221; custom_padding_phone=&#8221;0px||0px||true|false&#8221; custom_padding_last_edited=&#8221;on|desktop&#8221; global_colors_info=&#8221;{}&#8221;][et_pb_text _builder_version=&#8221;4.27.6&#8243; _module_preset=&#8221;867ecb90-5730-4178-be3e-3f9436e33dec&#8221; header_2_text_color=&#8221;#FFFFFF&#8221; global_colors_info=&#8221;{}&#8221;]<\/p>\n<h2><span style=\"color: #1f1cb2;\"><strong data-start=\"290\" data-end=\"356\">primavera estate 2024<\/strong><\/span><\/h2>\n<p>[\/et_pb_text][et_pb_text _builder_version=&#8221;4.27.6&#8243; _module_preset=&#8221;9aac4d76-a642-444d-bc7b-35b9b8598ff8&#8243; text_text_color=&#8221;#FFFFFF&#8221; global_colors_info=&#8221;{}&#8221;]<\/p>\n<p data-start=\"986\" data-end=\"1360\"><span>Primavera\/Estate 2024: nuove collaborazioni, stessa passione per l\u2019eccellenza La nuova collezione Buso Shoes \u00e8 un invito a riscoprire la bellezza dei dettagli, la leggerezza dei materiali naturali e la cura dell\u2019artigianato pi\u00f9 autentico. Abbiamo aperto le porte a nuove realt\u00e0 internazionali: un\u2019azienda indiana emergente, che unisce lavorazioni artigianali raffinatissime, che top utilizza dei pellami italiani dall\u2019effetto \u2018guanto\u2019 ad un design molto sofisticato , e una maison spagnola elegante e sofisticata, specializzata nelle nostre amatissime slingback. Tonalit\u00e0 ispirate ai colori della terra, azzurro cielo e accenti di bianco e argento illuminano mocassini, slingback e intrecci in rafia realizzati a mano. Accanto a queste novit\u00e0, ritroverai i modelli firmati dai maestri veneziani, sinonimo di qualit\u00e0 e lavorazioni impeccabili. Una collezione pensata per chi ama le scarpe belle, fatte bene, e create per durare. <\/span><span>La nuova collezione primavera estate 2025 \u00e8 un inno alla femminilit\u00e0 e alla libert\u00e0. Scarpe da donna pensate per accompagnarti con stile in ogni momento della giornata. Materiali leggeri, colori vivaci e dettagli eleganti si uniscono per offrire comfort e personalit\u00e0. Vivi la bella stagione con passi decisi e un look che parla di te.<\/span><\/p>\n<p data-start=\"986\" data-end=\"1360\"><span> Per info e acquisti: <\/span><a href=\"mailto:info@busoshoes.it\">info@busoshoes.it<\/a><span>\u00a0oppure\u00a0<\/span><a href=\"tel:+39 333 415 89 59\">+39 333 415 89 59<\/a><span>.<\/span><\/p>\n<p data-start=\"1362\" data-end=\"1506\">\n<p>[\/et_pb_text][\/et_pb_column][et_pb_column type=&#8221;1_2&#8243; _builder_version=&#8221;4.27.4&#8243; _module_preset=&#8221;default&#8221; background_enable_image=&#8221;off&#8221; border_radii=&#8221;on|20px|20px|20px|20px&#8221; global_colors_info=&#8221;{}&#8221;][et_pb_divider show_divider=&#8221;off&#8221; _builder_version=&#8221;4.22.0&#8243; _module_preset=&#8221;default&#8221; height_tablet=&#8221;40vw&#8221; height_phone=&#8221;40vw&#8221; height_last_edited=&#8221;on|desktop&#8221; locked=&#8221;off&#8221; global_colors_info=&#8221;{}&#8221;][\/et_pb_divider][et_pb_gallery gallery_ids=&#8221;88900,88899,88901,88902,88903,88904,88905,88906,88907,88908,88909,88910,88911,88912,88913,88914,88915,88916,88917,88918,88919,88920,88921,88922,88923,88924,88925,88926,88927,88928,88929,88930,88931,88932,88933,88934,88935,88936,88937,88938,88939,88940,88941,88942,88943,88944,88945,88946,88947,88948,88949,88950,88951,88952,88953,88954,88955,88956,88957,88958,88959,88960,88961,88962,88963,88964,88965,88966,88967,88968,88969,88970,88971,88972,88973,88974,88975,88976,88977,88978,88979,88980,88981,88982,88983,88984,88985,88986,88987,88988,88989,88990,88991,88992,88993,88994,88995,88996,88997,88998,88999,89000,89001,89002,89003,89004,89005,89006,89007,89008,89009,89010,89011,89012,89013,89014,89015&#8243; fullwidth=&#8221;on&#8221; _builder_version=&#8221;4.27.4&#8243; _module_preset=&#8221;default&#8221; global_colors_info=&#8221;{}&#8221;][\/et_pb_gallery][\/et_pb_column][\/et_pb_row][\/et_pb_section]<\/p>\n","protected":false},"excerpt":{"rendered":"<p>Buso Shoes Collezioni\u00a0 \u00a0 primavera estate 2024Primavera\/Estate 2024: nuove collaborazioni, stessa passione per l\u2019eccellenza La nuova collezione Buso Shoes \u00e8 un invito a riscoprire la bellezza dei dettagli, la leggerezza dei materiali naturali e la cura dell\u2019artigianato pi\u00f9 autentico. Abbiamo aperto le porte a nuove realt\u00e0 internazionali: un\u2019azienda indiana emergente, che unisce lavorazioni artigianali raffinatissime, [&hellip;]<\/p>\n","protected":false},"author":2,"featured_media":0,"parent":0,"menu_order":0,"comment_status":"closed","ping_status":"closed","template":"","meta":{"_et_pb_use_builder":"on","_et_pb_old_content":"","_et_gb_content_width":"","footnotes":""},"class_list":["post-88393","page","type-page","status-publish","hentry"],"_links":{"self":[{"href":"http:\/\/busoshoes.it\/index.php?rest_route=\/wp\/v2\/pages\/88393","targetHints":{"allow":["GET"]}}],"collection":[{"href":"http:\/\/busoshoes.it\/index.php?rest_route=\/wp\/v2\/pages"}],"about":[{"href":"http:\/\/busoshoes.it\/index.php?rest_route=\/wp\/v2\/types\/page"}],"author":[{"embeddable":true,"href":"http:\/\/busoshoes.it\/index.php?rest_route=\/wp\/v2\/users\/2"}],"replies":[{"embeddable":true,"href":"http:\/\/busoshoes.it\/index.php?rest_route=%2Fwp%2Fv2%2Fcomments&post=88393"}],"version-history":[{"count":8,"href":"http:\/\/busoshoes.it\/index.php?rest_route=\/wp\/v2\/pages\/88393\/revisions"}],"predecessor-version":[{"id":89131,"href":"http:\/\/busoshoes.it\/index.php?rest_route=\/wp\/v2\/pages\/88393\/revisions\/89131"}],"wp:attachment":[{"href":"http:\/\/busoshoes.it\/index.php?rest_route=%2Fwp%2Fv2%2Fmedia&parent=88393"}],"curies":[{"name":"wp","href":"https:\/\/api.w.org\/{rel}","templated":true}]}}