{"id":88289,"date":"2025-09-05T10:21:00","date_gmt":"2025-09-05T10:21:00","guid":{"rendered":"http:\/\/busoshoes.it\/?page_id=88289"},"modified":"2025-09-05T10:51:24","modified_gmt":"2025-09-05T10:51:24","slug":"88289-2","status":"publish","type":"page","link":"http:\/\/busoshoes.it\/?page_id=88289","title":{"rendered":"PE 2025"},"content":{"rendered":"<p>[et_pb_section fb_built=&#8221;1&#8243; admin_label=&#8221;Product&#8221; _builder_version=&#8221;4.27.4&#8243; _module_preset=&#8221;default&#8221; background_color=&#8221;#000000&#8243; collapsed=&#8221;on&#8221; global_colors_info=&#8221;{}&#8221;][et_pb_row _builder_version=&#8221;4.22.0&#8243; _module_preset=&#8221;default&#8221; global_colors_info=&#8221;{}&#8221;][et_pb_column type=&#8221;4_4&#8243; _builder_version=&#8221;4.22.0&#8243; _module_preset=&#8221;default&#8221; global_colors_info=&#8221;{}&#8221;][et_pb_text _builder_version=&#8221;4.27.4&#8243; _module_preset=&#8221;06990896-3a6b-40d1-a916-bebccab1dbb3&#8243; text_text_color=&#8221;#1f1cb2&#8243; custom_margin=&#8221;||10px||false|false&#8221; locked=&#8221;off&#8221; global_colors_info=&#8221;{}&#8221;]<\/p>\n<h2 style=\"text-align: center;\"><span style=\"color: #1f1cb2;\">Buso Shoes Collezioni<\/span><span style=\"color: #1f1cb2;\">\u00a0 \u00a0<\/span><\/h2>\n<h2 class=\"text-uppercase tm-services-page-title\"><\/h2>\n<h2><\/h2>\n<h2 class=\"text-uppercase tm-services-page-title\"><\/h2>\n<p>[\/et_pb_text][\/et_pb_column][\/et_pb_row][\/et_pb_section][et_pb_section fb_built=&#8221;1&#8243; admin_label=&#8221;Featured Offer&#8221; _builder_version=&#8221;4.22.0&#8243; _module_preset=&#8221;default&#8221; background_color=&#8221;gcid-28366106-ecf8-496b-97f0-6a9be6882356&#8243; custom_padding=&#8221;7px|||||&#8221; locked=&#8221;off&#8221; collapsed=&#8221;on&#8221; global_colors_info=&#8221;{%22gcid-28366106-ecf8-496b-97f0-6a9be6882356%22:%91%22background_color%22%93}&#8221;][et_pb_row column_structure=&#8221;1_2,1_2&#8243; make_equal=&#8221;on&#8221; _builder_version=&#8221;4.27.4&#8243; _module_preset=&#8221;default&#8221; locked=&#8221;off&#8221; global_colors_info=&#8221;{}&#8221;][et_pb_column type=&#8221;1_2&#8243; _builder_version=&#8221;4.22.0&#8243; _module_preset=&#8221;default&#8221; custom_padding=&#8221;60px||60px||true|false&#8221; custom_padding_tablet=&#8221;0px||0px||true|false&#8221; custom_padding_phone=&#8221;0px||0px||true|false&#8221; custom_padding_last_edited=&#8221;on|desktop&#8221; global_colors_info=&#8221;{}&#8221;][et_pb_text _builder_version=&#8221;4.27.4&#8243; _module_preset=&#8221;867ecb90-5730-4178-be3e-3f9436e33dec&#8221; header_2_text_color=&#8221;#FFFFFF&#8221; global_colors_info=&#8221;{}&#8221;]<\/p>\n<h2><span style=\"color: #1f1cb2;\"><strong data-start=\"290\" data-end=\"356\">Primavera Estate 2025<\/strong><\/span><\/h2>\n<h2><\/h2>\n<p>[\/et_pb_text][et_pb_text _builder_version=&#8221;4.27.4&#8243; _module_preset=&#8221;9aac4d76-a642-444d-bc7b-35b9b8598ff8&#8243; text_text_color=&#8221;#FFFFFF&#8221; hover_enabled=&#8221;0&#8243; global_colors_info=&#8221;{}&#8221; sticky_enabled=&#8221;0&#8243;]<\/p>\n<p data-start=\"986\" data-end=\"1360\"><span>Primavera\/Estate 2025: nuove collaborazioni, stessa passione per l\u2019eccellenza La nuova collezione Buso Shoes \u00e8 un invito a riscoprire la bellezza dei dettagli, la leggerezza dei materiali naturali e la cura dell\u2019artigianato pi\u00f9 autentico. Abbiamo aperto le porte a nuove realt\u00e0 internazionali: un\u2019azienda indiana emergente, che unisce lavorazioni artigianali raffinatissime, che top utilizza dei pellami italiani dall\u2019effetto \u2018guanto\u2019 ad un design molto sofisticato , e una maison spagnola elegante e sofisticata, specializzata nelle nostre amatissime slingback. Tonalit\u00e0 ispirate ai colori della terra, azzurro cielo e accenti di bianco e argento illuminano mocassini, slingback e intrecci in rafia realizzati a mano. Accanto a queste novit\u00e0, ritroverai i modelli firmati dai maestri veneziani, sinonimo di qualit\u00e0 e lavorazioni impeccabili. Una collezione pensata per chi ama le scarpe belle, fatte bene, e create per durare. <\/span><span style=\"font-size: 16px;\">La nuova collezione primavera estate 2025 \u00e8 un inno alla femminilit\u00e0 e alla libert\u00e0. Scarpe da donna pensate per accompagnarti con stile in ogni momento della giornata. Materiali leggeri, colori vivaci e dettagli eleganti si uniscono per offrire comfort e personalit\u00e0. Vivi la bella stagione con passi decisi e un look che parla di te.<\/span><\/p>\n<p data-start=\"1362\" data-end=\"1506\">\n<p>[\/et_pb_text][\/et_pb_column][et_pb_column type=&#8221;1_2&#8243; _builder_version=&#8221;4.27.4&#8243; _module_preset=&#8221;default&#8221; background_enable_image=&#8221;off&#8221; border_radii=&#8221;on|20px|20px|20px|20px&#8221; global_colors_info=&#8221;{}&#8221;][et_pb_divider show_divider=&#8221;off&#8221; _builder_version=&#8221;4.22.0&#8243; _module_preset=&#8221;default&#8221; height_tablet=&#8221;40vw&#8221; height_phone=&#8221;40vw&#8221; height_last_edited=&#8221;on|desktop&#8221; locked=&#8221;off&#8221; global_colors_info=&#8221;{}&#8221;][\/et_pb_divider][et_pb_gallery gallery_ids=&#8221;88307,88292,88338,88315,88299,88298,88293,88294,88295,88296,88297,88300,88301,88302,88303,88304,88305,88306,88308,88309,88310,88311,88312,88313,88314,88316,88317,88318,88319,88320,88321,88322,88323,88324,88325,88326,88327,88328,88329,88330,88331,88332,88333,88334,88335,88336,88337,88339,88340,88341,88342,88343,88344,88345,88346,88347,88348,88349,88350,88351,88352,88353,88354,88355,88356,88357,88358,88359,88360,88362,88363,88364,88365,88366,88367,88368,88369,88370,88371,88372,88373,88374,88375,88376,88377&#8243; fullwidth=&#8221;on&#8221; _builder_version=&#8221;4.27.4&#8243; _module_preset=&#8221;default&#8221; global_colors_info=&#8221;{}&#8221;][\/et_pb_gallery][\/et_pb_column][\/et_pb_row][\/et_pb_section]<\/p>\n","protected":false},"excerpt":{"rendered":"<p>Buso Shoes Collezioni\u00a0 \u00a0 Primavera Estate 2025 Primavera\/Estate 2025: nuove collaborazioni, stessa passione per l\u2019eccellenza La nuova collezione Buso Shoes \u00e8 un invito a riscoprire la bellezza dei dettagli, la leggerezza dei materiali naturali e la cura dell\u2019artigianato pi\u00f9 autentico. Abbiamo aperto le porte a nuove realt\u00e0 internazionali: un\u2019azienda indiana emergente, che unisce lavorazioni artigianali [&hellip;]<\/p>\n","protected":false},"author":2,"featured_media":0,"parent":0,"menu_order":0,"comment_status":"closed","ping_status":"closed","template":"","meta":{"_et_pb_use_builder":"on","_et_pb_old_content":"","_et_gb_content_width":"","footnotes":""},"class_list":["post-88289","page","type-page","status-publish","hentry"],"_links":{"self":[{"href":"http:\/\/busoshoes.it\/index.php?rest_route=\/wp\/v2\/pages\/88289","targetHints":{"allow":["GET"]}}],"collection":[{"href":"http:\/\/busoshoes.it\/index.php?rest_route=\/wp\/v2\/pages"}],"about":[{"href":"http:\/\/busoshoes.it\/index.php?rest_route=\/wp\/v2\/types\/page"}],"author":[{"embeddable":true,"href":"http:\/\/busoshoes.it\/index.php?rest_route=\/wp\/v2\/users\/2"}],"replies":[{"embeddable":true,"href":"http:\/\/busoshoes.it\/index.php?rest_route=%2Fwp%2Fv2%2Fcomments&post=88289"}],"version-history":[{"count":10,"href":"http:\/\/busoshoes.it\/index.php?rest_route=\/wp\/v2\/pages\/88289\/revisions"}],"predecessor-version":[{"id":88778,"href":"http:\/\/busoshoes.it\/index.php?rest_route=\/wp\/v2\/pages\/88289\/revisions\/88778"}],"wp:attachment":[{"href":"http:\/\/busoshoes.it\/index.php?rest_route=%2Fwp%2Fv2%2Fmedia&parent=88289"}],"curies":[{"name":"wp","href":"https:\/\/api.w.org\/{rel}","templated":true}]}}