{"id":87752,"date":"2025-06-29T08:13:50","date_gmt":"2025-06-29T08:13:50","guid":{"rendered":"http:\/\/busoshoes.it\/?page_id=87752"},"modified":"2026-03-26T16:58:23","modified_gmt":"2026-03-26T16:58:23","slug":"buso-layout","status":"publish","type":"page","link":"http:\/\/busoshoes.it\/?page_id=87752","title":{"rendered":"Eventi e Vendita"},"content":{"rendered":"<p>[et_pb_section fb_built=&#8221;1&#8243; admin_label=&#8221;Header&#8221; _builder_version=&#8221;4.22.0&#8243; _module_preset=&#8221;default&#8221; background_color=&#8221;gcid-28366106-ecf8-496b-97f0-6a9be6882356&#8243; custom_padding=&#8221;||0px||false|false&#8221; collapsed=&#8221;on&#8221; global_colors_info=&#8221;{%22gcid-28366106-ecf8-496b-97f0-6a9be6882356%22:%91%22background_color%22%93}&#8221;][et_pb_row _builder_version=&#8221;4.22.0&#8243; _module_preset=&#8221;default&#8221; global_colors_info=&#8221;{}&#8221;][et_pb_column type=&#8221;4_4&#8243; _builder_version=&#8221;4.22.0&#8243; _module_preset=&#8221;default&#8221; global_colors_info=&#8221;{}&#8221;][et_pb_text _builder_version=&#8221;4.27.4&#8243; _module_preset=&#8221;06990896-3a6b-40d1-a916-bebccab1dbb3&#8243; text_text_color=&#8221;#1f1cb2&#8243; custom_margin=&#8221;||10px||false|false&#8221; locked=&#8221;off&#8221; global_colors_info=&#8221;{}&#8221;]<\/p>\n<h2><span style=\"color: #1f1cb2;\">Buso Shoes\u00a0 \u00a0 \u00a0<\/span><\/h2>\n<h2 class=\"text-uppercase tm-services-page-title\"><\/h2>\n<h2><\/h2>\n<h2 class=\"text-uppercase tm-services-page-title\"><\/h2>\n<p>[\/et_pb_text][\/et_pb_column][\/et_pb_row][\/et_pb_section][et_pb_section fb_built=&#8221;1&#8243; admin_label=&#8221;Products&#8221; _builder_version=&#8221;4.22.0&#8243; _module_preset=&#8221;default&#8221; background_color=&#8221;gcid-28366106-ecf8-496b-97f0-6a9be6882356&#8243; collapsed=&#8221;on&#8221; global_colors_info=&#8221;{%22gcid-28366106-ecf8-496b-97f0-6a9be6882356%22:%91%22background_color%22%93}&#8221;][et_pb_row column_structure=&#8221;1_2,1_2&#8243; _builder_version=&#8221;4.22.0&#8243; _module_preset=&#8221;default&#8221; locked=&#8221;off&#8221; global_colors_info=&#8221;{}&#8221;][et_pb_column type=&#8221;1_2&#8243; _builder_version=&#8221;4.22.0&#8243; _module_preset=&#8221;default&#8221; global_colors_info=&#8221;{}&#8221;][et_pb_text _builder_version=&#8221;4.27.4&#8243; _module_preset=&#8221;867ecb90-5730-4178-be3e-3f9436e33dec&#8221; header_2_text_color=&#8221;#FFFFFF&#8221; global_colors_info=&#8221;{}&#8221;]<\/p>\n<h2><span style=\"color: #1f1cb2;\">ti aspettiamo dal vivo<\/span><\/h2>\n<p>[\/et_pb_text][et_pb_button button_url=&#8221;@ET-DC@eyJkeW5hbWljIjp0cnVlLCJjb250ZW50IjoicG9zdF9saW5rX3VybF9wYWdlIiwic2V0dGluZ3MiOnsicG9zdF9pZCI6Ijg3NzU5In19@&#8221; button_text=&#8221;Vieni a trovarci&#8221; _builder_version=&#8221;4.27.4&#8243; _dynamic_attributes=&#8221;button_url&#8221; _module_preset=&#8221;5c7717bc-a94f-4a07-aee2-d1ddf2de5485&#8243; locked=&#8221;off&#8221; global_colors_info=&#8221;{}&#8221;][\/et_pb_button][\/et_pb_column][et_pb_column type=&#8221;1_2&#8243; _builder_version=&#8221;4.22.0&#8243; _module_preset=&#8221;default&#8221; global_colors_info=&#8221;{}&#8221;][et_pb_text _builder_version=&#8221;4.27.4&#8243; _module_preset=&#8221;9131dc6f-6ba8-41f9-aeb1-a5cb1cbb43a2&#8243; text_text_color=&#8221;#FFFFFF&#8221; global_colors_info=&#8221;{}&#8221;]<\/p>\n<p>Non abbiamo negozi fissi: preferiamo incontrarti nei mercati dove da anni ci conoscono e ci scelgono.<br data-start=\"3563\" data-end=\"3566\" \/>Siamo presenti tutto l\u2019anno al <strong data-start=\"3597\" data-end=\"3633\">Mercato della Crocetta di Torino<\/strong>, luogo di eleganza e ricercatezza.<br data-start=\"3668\" data-end=\"3671\" \/>Durante l\u2019estate, ci trovi al celebre <strong data-start=\"3709\" data-end=\"3739\">Mercato di Forte dei Marmi<\/strong>, tra sole, mare e moda di qualit\u00e0.<\/p>\n<p>[\/et_pb_text][\/et_pb_column][\/et_pb_row][\/et_pb_section][et_pb_section fb_built=&#8221;1&#8243; admin_label=&#8221;Featured Offer&#8221; _builder_version=&#8221;4.22.0&#8243; _module_preset=&#8221;default&#8221; background_color=&#8221;gcid-28366106-ecf8-496b-97f0-6a9be6882356&#8243; locked=&#8221;off&#8221; collapsed=&#8221;on&#8221; global_colors_info=&#8221;{%22gcid-28366106-ecf8-496b-97f0-6a9be6882356%22:%91%22background_color%22%93}&#8221;][et_pb_row column_structure=&#8221;1_2,1_2&#8243; make_equal=&#8221;on&#8221; _builder_version=&#8221;4.27.4&#8243; _module_preset=&#8221;default&#8221; locked=&#8221;off&#8221; global_colors_info=&#8221;{}&#8221;][et_pb_column type=&#8221;1_2&#8243; _builder_version=&#8221;4.22.0&#8243; _module_preset=&#8221;default&#8221; custom_padding=&#8221;60px||60px||true|false&#8221; custom_padding_tablet=&#8221;0px||0px||true|false&#8221; custom_padding_phone=&#8221;0px||0px||true|false&#8221; custom_padding_last_edited=&#8221;on|desktop&#8221; global_colors_info=&#8221;{}&#8221;][et_pb_text _builder_version=&#8221;4.27.4&#8243; _module_preset=&#8221;a9c6a797-c3c3-405b-b886-2373365d0ac3&#8243; header_4_text_color=&#8221;#FFFFFF&#8221; global_colors_info=&#8221;{}&#8221;]<\/p>\n<h4>eleganza in movomento ogni stagione<span style=\"color: #1f1cb2;\"><strong data-start=\"290\" data-end=\"356\">\u00a0<\/strong><\/span><\/h4>\n<h2><\/h2>\n<p>[\/et_pb_text][et_pb_text _builder_version=&#8221;4.27.4&#8243; _module_preset=&#8221;f46b9478-ad57-42b6-9a42-85b12fbe367c&#8221; header_2_text_color=&#8221;#FFFFFF&#8221; custom_margin=&#8221;||10px||false|false&#8221; locked=&#8221;off&#8221; global_colors_info=&#8221;{}&#8221;]<\/p>\n<h2><span style=\"color: #1f1cb2;\">Torino Crocetta<\/span><\/h2>\n<p>[\/et_pb_text][et_pb_text _builder_version=&#8221;4.27.4&#8243; _module_preset=&#8221;9aac4d76-a642-444d-bc7b-35b9b8598ff8&#8243; text_text_color=&#8221;#FFFFFF&#8221; global_colors_info=&#8221;{}&#8221;]<\/p>\n<p data-start=\"986\" data-end=\"1360\">Siamo orgogliosi di essere presenti con le nostre collezioni al prestigioso Mercato della Crocetta di Torino, uno dei luoghi pi\u00f9 rinomati della citt\u00e0 per lo shopping di qualit\u00e0. In un contesto elegante e vivace, proponiamo le nostre scarpe da donna unendo stile, comfort e tendenze. Un\u2019occasione unica per toccare con mano i nostri modelli, scoprire le novit\u00e0 e approfittare di offerte esclusive, in un ambiente dove la moda incontra la tradizione torinese. Ti aspettiamo per vivere insieme l\u2019esperienza di un mercato che \u00e8 sinonimo di eccellenza e buongusto.<\/p>\n<p data-start=\"1362\" data-end=\"1506\">[\/et_pb_text][\/et_pb_column][et_pb_column type=&#8221;1_2&#8243; _builder_version=&#8221;4.27.4&#8243; _module_preset=&#8221;default&#8221; background_image=&#8221;http:\/\/busoshoes.it\/wp-content\/uploads\/2025\/06\/E1A0593-scaled.jpg&#8221; border_radii=&#8221;on|20px|20px|20px|20px&#8221; global_colors_info=&#8221;{}&#8221;][et_pb_divider show_divider=&#8221;off&#8221; _builder_version=&#8221;4.22.0&#8243; _module_preset=&#8221;default&#8221; height_tablet=&#8221;40vw&#8221; height_phone=&#8221;40vw&#8221; height_last_edited=&#8221;on|desktop&#8221; locked=&#8221;off&#8221; global_colors_info=&#8221;{}&#8221;][\/et_pb_divider][\/et_pb_column][\/et_pb_row][et_pb_row column_structure=&#8221;1_2,1_2&#8243; make_equal=&#8221;on&#8221; _builder_version=&#8221;4.26.1&#8243; _module_preset=&#8221;default&#8221; locked=&#8221;off&#8221; global_colors_info=&#8221;{}&#8221;][et_pb_column type=&#8221;1_2&#8243; _builder_version=&#8221;4.22.0&#8243; _module_preset=&#8221;default&#8221; custom_padding=&#8221;60px||60px||true|false&#8221; custom_padding_tablet=&#8221;0px||0px||true|false&#8221; custom_padding_phone=&#8221;0px||0px||true|false&#8221; custom_padding_last_edited=&#8221;on|desktop&#8221; global_colors_info=&#8221;{}&#8221;][et_pb_text _builder_version=&#8221;4.27.6&#8243; _module_preset=&#8221;a9c6a797-c3c3-405b-b886-2373365d0ac3&#8243; header_4_text_color=&#8221;#FFFFFF&#8221; hover_enabled=&#8221;0&#8243; global_colors_info=&#8221;{}&#8221; sticky_enabled=&#8221;0&#8243;]<\/p>\n<h4>Dal 4 aprile vi aspettiamo al forte per tutti i weekend dell&#8217;estate !!!!<\/h4>\n<p>[\/et_pb_text][et_pb_text _builder_version=&#8221;4.27.4&#8243; _module_preset=&#8221;a9c6a797-c3c3-405b-b886-2373365d0ac3&#8243; header_4_text_color=&#8221;#FFFFFF&#8221; global_colors_info=&#8221;{}&#8221;]<\/p>\n<h4>Eventi speciali, novit\u00e0 esclusive e anteprime ti aspettano!<\/h4>\n<p>[\/et_pb_text][et_pb_text _builder_version=&#8221;4.27.4&#8243; _module_preset=&#8221;f46b9478-ad57-42b6-9a42-85b12fbe367c&#8221; header_2_text_color=&#8221;#FFFFFF&#8221; custom_margin=&#8221;||10px||false|false&#8221; hover_enabled=&#8221;0&#8243; global_colors_info=&#8221;{}&#8221; sticky_enabled=&#8221;0&#8243;]<\/p>\n<h2><span style=\"color: #1f1cb2;\">Forte dei marmi<\/span><\/h2>\n<p>[\/et_pb_text][et_pb_text _builder_version=&#8221;4.27.4&#8243; _module_preset=&#8221;9aac4d76-a642-444d-bc7b-35b9b8598ff8&#8243; text_text_color=&#8221;#FFFFFF&#8221; hover_enabled=&#8221;0&#8243; global_colors_info=&#8221;{}&#8221; sticky_enabled=&#8221;0&#8243;]<\/p>\n<p data-start=\"986\" data-end=\"1360\">Nelle calde giornate estive della Versilia, portiamo l\u2019eleganza Made in Italy sulla costa, in uno dei mercati pi\u00f9 esclusivi e amati d\u2019Italia. Qui le nostre scarpe, fresche e leggere, si integrano perfettamente con l\u2019atmosfera vacanziera e chic di Forte dei Marmi, diventando compagne ideali per l\u2019estate.<\/p>\n<p data-start=\"1362\" data-end=\"1506\">[\/et_pb_text][\/et_pb_column][et_pb_column type=&#8221;1_2&#8243; _builder_version=&#8221;4.26.1&#8243; _module_preset=&#8221;default&#8221; background_image=&#8221;http:\/\/busoshoes.it\/wp-content\/uploads\/2024\/10\/E1A1507-scaled.jpg&#8221; border_radii=&#8221;on|20px|20px|20px|20px&#8221; global_colors_info=&#8221;{}&#8221;][et_pb_divider show_divider=&#8221;off&#8221; _builder_version=&#8221;4.22.0&#8243; _module_preset=&#8221;default&#8221; height_tablet=&#8221;40vw&#8221; height_phone=&#8221;40vw&#8221; height_last_edited=&#8221;on|desktop&#8221; locked=&#8221;off&#8221; global_colors_info=&#8221;{}&#8221;][\/et_pb_divider][\/et_pb_column][\/et_pb_row][et_pb_row column_structure=&#8221;1_3,1_3,1_3&#8243; use_custom_gutter=&#8221;on&#8221; gutter_width=&#8221;2&#8243; make_equal=&#8221;on&#8221; _builder_version=&#8221;4.27.4&#8243; _module_preset=&#8221;default&#8221; custom_padding=&#8221;||0px||false|false&#8221; locked=&#8221;off&#8221; global_colors_info=&#8221;{}&#8221;][et_pb_column type=&#8221;1_3&#8243; _builder_version=&#8221;4.27.4&#8243; _module_preset=&#8221;default&#8221; use_background_color_gradient=&#8221;on&#8221; background_color_gradient_stops=&#8221;rgba(0,0,0,0.7) 0%|rgba(0,0,0,0.7) 100%&#8221; background_color_gradient_overlays_image=&#8221;on&#8221; background_image=&#8221;http:\/\/busoshoes.it\/wp-content\/uploads\/2025\/06\/E1A3665-copia-2-scaled.jpg&#8221; custom_padding=&#8221;150px|20px|20px|20px|false|true&#8221; border_radii=&#8221;on|20px|20px|20px|20px&#8221; global_colors_info=&#8221;{}&#8221;][et_pb_text _builder_version=&#8221;4.27.4&#8243; text_font=&#8221;Playfair Display|300|||||||&#8221; text_text_color=&#8221;#1f1cb2&#8243; text_font_size=&#8221;33px&#8221; text_line_height=&#8221;1.8em&#8221; header_font=&#8221;Lily Script One||||||||&#8221; header_text_align=&#8221;center&#8221; header_text_color=&#8221;#ffffff&#8221; header_font_size=&#8221;90px&#8221; header_line_height=&#8221;1.3em&#8221; text_orientation=&#8221;center&#8221; custom_margin=&#8221;-72px||&#8221; locked=&#8221;off&#8221; global_colors_info=&#8221;{}&#8221;]<\/p>\n<p><span style=\"color: #ffffff;\"><strong>TORINO CROCETTA<\/strong><\/span><\/p>\n<p>[\/et_pb_text][et_pb_text _builder_version=&#8221;4.27.4&#8243; _module_preset=&#8221;default&#8221; global_colors_info=&#8221;{}&#8221;]<\/p>\n<p><span style=\"color: #ffffff;\">Mercato della Crocetta, Torino, nuovi orari estivi:<br \/>Marted\u00ec \u2013 venerd\u00ec: 9:00 \u2013 13:00<br \/>Sabato: 9:00 \u2013 15:00<br \/>Seconda domenica del mese: ci rivediamo a novembre<\/span><\/p>\n<p>[\/et_pb_text][\/et_pb_column][et_pb_column type=&#8221;1_3&#8243; _builder_version=&#8221;4.27.4&#8243; _module_preset=&#8221;default&#8221; use_background_color_gradient=&#8221;on&#8221; background_color_gradient_stops=&#8221;rgba(0,0,0,0.7) 0%|rgba(0,0,0,0.7) 100%&#8221; background_color_gradient_overlays_image=&#8221;on&#8221; background_image=&#8221;http:\/\/busoshoes.it\/wp-content\/uploads\/2025\/06\/E1A6447-scaled.jpg&#8221; custom_padding=&#8221;150px|20px|20px|20px|false|true&#8221; border_radii=&#8221;on|20px|20px|20px|20px&#8221; global_colors_info=&#8221;{}&#8221;][et_pb_text _builder_version=&#8221;4.27.4&#8243; text_font=&#8221;Playfair Display|300|||||||&#8221; text_text_color=&#8221;#1f1cb2&#8243; text_font_size=&#8221;38px&#8221; text_line_height=&#8221;1.8em&#8221; header_font=&#8221;Lily Script One||||||||&#8221; header_text_align=&#8221;center&#8221; header_text_color=&#8221;#ffffff&#8221; header_font_size=&#8221;90px&#8221; header_line_height=&#8221;1.3em&#8221; text_orientation=&#8221;center&#8221; custom_margin=&#8221;-72px||&#8221; locked=&#8221;off&#8221; global_colors_info=&#8221;{}&#8221;]<\/p>\n<p><span style=\"color: #ffffff;\"><strong>FORTE DEI MARMI<\/strong><\/span><\/p>\n<p>[\/et_pb_text][et_pb_text _builder_version=&#8221;4.27.4&#8243; _module_preset=&#8221;default&#8221; global_colors_info=&#8221;{}&#8221;]<\/p>\n<p><span style=\"color: #ffffff;\">Tutte le domeniche da Pasqua a fine ottobre, Forte dei Marmi \u2013 Piazza Guglielmo Marconi, dalle h 8.00 alle h 13.00.<\/span><\/p>\n<p>[\/et_pb_text][\/et_pb_column][et_pb_column type=&#8221;1_3&#8243; _builder_version=&#8221;4.27.4&#8243; _module_preset=&#8221;default&#8221; use_background_color_gradient=&#8221;on&#8221; background_color_gradient_stops=&#8221;rgba(0,0,0,0.7) 0%|rgba(0,0,0,0.7) 100%&#8221; background_color_gradient_overlays_image=&#8221;on&#8221; background_image=&#8221;http:\/\/busoshoes.it\/wp-content\/uploads\/2025\/06\/E1A6629-scaled.jpg&#8221; custom_padding=&#8221;150px|20px|20px|20px|false|true&#8221; border_radii=&#8221;on|20px|20px|20px|20px&#8221; global_colors_info=&#8221;{}&#8221;][et_pb_text _builder_version=&#8221;4.27.4&#8243; text_font=&#8221;Playfair Display|300|||||||&#8221; text_text_color=&#8221;#1f1cb2&#8243; text_font_size=&#8221;33px&#8221; text_line_height=&#8221;1.8em&#8221; header_font=&#8221;Lily Script One||||||||&#8221; header_text_align=&#8221;center&#8221; header_text_color=&#8221;#ffffff&#8221; header_font_size=&#8221;90px&#8221; header_line_height=&#8221;1.3em&#8221; text_orientation=&#8221;center&#8221; custom_margin=&#8221;-72px||&#8221; locked=&#8221;off&#8221; global_colors_info=&#8221;{}&#8221;]<\/p>\n<p><span style=\"color: #ffffff;\"><strong>FORTE DEI MARMI<\/strong><\/span><\/p>\n<p>[\/et_pb_text][et_pb_text _builder_version=&#8221;4.27.4&#8243; _module_preset=&#8221;default&#8221; global_colors_info=&#8221;{}&#8221;]<\/p>\n<p><span>Seguici in tour in tutta Italia sul &#8220;il mercatino da Forte dei Marmi.it&#8221;<\/span><\/p>\n<p>[\/et_pb_text][\/et_pb_column][\/et_pb_row][\/et_pb_section][et_pb_section fb_built=&#8221;1&#8243; admin_label=&#8221;Subscribe&#8221; _builder_version=&#8221;4.22.0&#8243; _module_preset=&#8221;default&#8221; use_background_color_gradient=&#8221;on&#8221; background_color_gradient_stops=&#8221;rgba(0,0,0,0.6) 0%|rgba(0,0,0,0.6) 100%&#8221; background_color_gradient_overlays_image=&#8221;on&#8221; background_image=&#8221;http:\/\/busoshoes.it\/wp-content\/uploads\/2025\/06\/fashion-sunglasses-15.jpg&#8221; background_position=&#8221;bottom_center&#8221; custom_padding=&#8221;6vw||6vw||true|false&#8221; locked=&#8221;off&#8221; collapsed=&#8221;on&#8221; global_colors_info=&#8221;{}&#8221;][et_pb_row _builder_version=&#8221;4.22.0&#8243; _module_preset=&#8221;default&#8221; background_color=&#8221;rgba(18,18,18,0.4)&#8221; custom_padding=&#8221;6vw|6vw|6vw|6vw|true|true&#8221; border_radii=&#8221;on|20px|20px|20px|20px&#8221; global_colors_info=&#8221;{}&#8221;][et_pb_column type=&#8221;4_4&#8243; _builder_version=&#8221;4.22.0&#8243; _module_preset=&#8221;default&#8221; global_colors_info=&#8221;{}&#8221;][et_pb_text _builder_version=&#8221;4.27.4&#8243; _module_preset=&#8221;867ecb90-5730-4178-be3e-3f9436e33dec&#8221; header_2_text_color=&#8221;#FFFFFF&#8221; text_orientation=&#8221;center&#8221; custom_margin=&#8221;||10px||false|false&#8221; global_colors_info=&#8221;{}&#8221;]<\/p>\n<h2><span style=\"color: #1f1cb2;\">Collaboriamo con Giorgio Spina<\/span><\/h2>\n<p>[\/et_pb_text][et_pb_text _builder_version=&#8221;4.27.4&#8243; _module_preset=&#8221;9131dc6f-6ba8-41f9-aeb1-a5cb1cbb43a2&#8243; text_text_color=&#8221;#FFFFFF&#8221; text_orientation=&#8221;center&#8221; global_colors_info=&#8221;{}&#8221;]<\/p>\n<p><strong>Sperimentale e visionario, sempre alla ricerca di nuove metamorfosi del filato.<\/strong><\/p>\n<p>[\/et_pb_text][et_pb_button button_url=&#8221;@ET-DC@eyJkeW5hbWljIjp0cnVlLCJjb250ZW50IjoicG9zdF9tZXRhX2tleSIsInNldHRpbmdzIjp7ImJlZm9yZSI6Imh0dHBzOi8vd3d3Lmdpb3JnaW9zcGluYS5jb20vZ2lvcmdpby1zcGluYS8iLCJhZnRlciI6IiIsIm1ldGFfa2V5IjoiIn19@&#8221; button_text=&#8221;Scopri gli eventi&#8221; button_alignment=&#8221;center&#8221; _builder_version=&#8221;4.27.4&#8243; _dynamic_attributes=&#8221;button_url&#8221; _module_preset=&#8221;4bf4fa6e-228d-40d7-a210-a2a23e06a90d&#8221; button_text_color=&#8221;#ff5a17&#8243; global_colors_info=&#8221;{}&#8221;][\/et_pb_button][\/et_pb_column][\/et_pb_row][\/et_pb_section]<\/p>\n","protected":false},"excerpt":{"rendered":"<p>Buso Shoes\u00a0 \u00a0 \u00a0 ti aspettiamo dal vivoNon abbiamo negozi fissi: preferiamo incontrarti nei mercati dove da anni ci conoscono e ci scelgono.Siamo presenti tutto l\u2019anno al Mercato della Crocetta di Torino, luogo di eleganza e ricercatezza.Durante l\u2019estate, ci trovi al celebre Mercato di Forte dei Marmi, tra sole, mare e moda di qualit\u00e0.eleganza in [&hellip;]<\/p>\n","protected":false},"author":2,"featured_media":0,"parent":0,"menu_order":0,"comment_status":"closed","ping_status":"closed","template":"","meta":{"_et_pb_use_builder":"on","_et_pb_old_content":"","_et_gb_content_width":"","footnotes":""},"class_list":["post-87752","page","type-page","status-publish","hentry"],"_links":{"self":[{"href":"http:\/\/busoshoes.it\/index.php?rest_route=\/wp\/v2\/pages\/87752","targetHints":{"allow":["GET"]}}],"collection":[{"href":"http:\/\/busoshoes.it\/index.php?rest_route=\/wp\/v2\/pages"}],"about":[{"href":"http:\/\/busoshoes.it\/index.php?rest_route=\/wp\/v2\/types\/page"}],"author":[{"embeddable":true,"href":"http:\/\/busoshoes.it\/index.php?rest_route=\/wp\/v2\/users\/2"}],"replies":[{"embeddable":true,"href":"http:\/\/busoshoes.it\/index.php?rest_route=%2Fwp%2Fv2%2Fcomments&post=87752"}],"version-history":[{"count":31,"href":"http:\/\/busoshoes.it\/index.php?rest_route=\/wp\/v2\/pages\/87752\/revisions"}],"predecessor-version":[{"id":89178,"href":"http:\/\/busoshoes.it\/index.php?rest_route=\/wp\/v2\/pages\/87752\/revisions\/89178"}],"wp:attachment":[{"href":"http:\/\/busoshoes.it\/index.php?rest_route=%2Fwp%2Fv2%2Fmedia&parent=87752"}],"curies":[{"name":"wp","href":"https:\/\/api.w.org\/{rel}","templated":true}]}}