{"id":87739,"date":"2025-06-29T08:02:11","date_gmt":"2025-06-29T08:02:11","guid":{"rendered":"http:\/\/busoshoes.it\/?page_id=87739"},"modified":"2025-09-05T11:05:37","modified_gmt":"2025-09-05T11:05:37","slug":"buso-chi-siamo","status":"publish","type":"page","link":"http:\/\/busoshoes.it\/?page_id=87739","title":{"rendered":"Chi siamo"},"content":{"rendered":"<p>[et_pb_section fb_built=&#8221;1&#8243; admin_label=&#8221;Header&#8221; _builder_version=&#8221;4.27.4&#8243; _module_preset=&#8221;default&#8221; background_color=&#8221;#000000&#8243; collapsed=&#8221;on&#8221; global_colors_info=&#8221;{}&#8221;][et_pb_row column_structure=&#8221;3_5,2_5&#8243; use_custom_gutter=&#8221;on&#8221; gutter_width=&#8221;2&#8243; make_equal=&#8221;on&#8221; _builder_version=&#8221;4.27.4&#8243; _module_preset=&#8221;default&#8221; global_colors_info=&#8221;{}&#8221;][et_pb_column type=&#8221;3_5&#8243; _builder_version=&#8221;4.27.4&#8243; _module_preset=&#8221;default&#8221; background_color=&#8221;#000000&#8243; custom_padding=&#8221;40px|40px|40px|40px|true|true&#8221; custom_padding_tablet=&#8221;30px|30px|30px|30px|true|true&#8221; custom_padding_phone=&#8221;20px|20px|20px|20px|true|true&#8221; custom_padding_last_edited=&#8221;on|desktop&#8221; border_radii=&#8221;on|20px|20px|20px|20px&#8221; global_colors_info=&#8221;{}&#8221;][et_pb_text _builder_version=&#8221;4.27.4&#8243; _module_preset=&#8221;a7a96721-efd3-4c10-a35b-2285af77f83a&#8221; global_colors_info=&#8221;{}&#8221;]<\/p>\n<h4><\/h4>\n<p>[\/et_pb_text][et_pb_text _builder_version=&#8221;4.27.4&#8243; _module_preset=&#8221;878e3369-163f-4e11-b737-022f19a99667&#8243; custom_margin=&#8221;||10px||false|false&#8221; global_colors_info=&#8221;{}&#8221;]<\/p>\n<h1><span style=\"color: #1f1cb2;\">Chi Siamo<\/span><\/h1>\n<p>[\/et_pb_text][et_pb_text _builder_version=&#8221;4.22.0&#8243; _module_preset=&#8221;95aa990c-2eaa-4452-b615-b7dea3717bed&#8221; global_colors_info=&#8221;{}&#8221;]<\/p>\n<h2 class=\"text-uppercase tm-services-page-title\"><span style=\"color: #1f1cb2;\">BUSO SHOES dal 1967<\/span><\/h2>\n<h4><span style=\"color: #1f1cb2;\">Qualit\u00e0 e Artigianalit\u00e0 &#8211; Oltre mezzo secolo di stile<\/span><\/h4>\n<p>[\/et_pb_text][et_pb_text _builder_version=&#8221;4.27.4&#8243; _module_preset=&#8221;95aa990c-2eaa-4452-b615-b7dea3717bed&#8221; text_text_color=&#8221;#FFFFFF&#8221; locked=&#8221;off&#8221; global_colors_info=&#8221;{}&#8221;]<\/p>\n<p><span style=\"color: #ffffff;\">In collaborazione con i migliori calzaturifici della Riviera del Brenta, da sempre BUSO SHOES si rivolge alle donne disegnando e realizzando scarpe artigianali di alta qualit\u00e0 a prezzi contenuti.<\/span><\/p>\n<p><span style=\"color: #ffffff;\">Eleganza del design, comodit\u00e0 e materiali di pregio fanno di BUSO SHOES un&#8217;eccellenza del\u00a0<b>Made In Italy<\/b>.<\/span><\/p>\n<p><span style=\"color: #ffffff;\">Attenta alle tendenze della moda, accostando metodi tradizionali alle pi\u00f9 moderne tecnologie, BUSO SHOES crea un prodotto di pregio: pellami di prima scelta vengono tagliati, lavorati e cuciti a mano.<\/span><\/p>\n<p>[\/et_pb_text][et_pb_button button_text=&#8221;Shop Online&#8221; _builder_version=&#8221;4.22.0&#8243; _module_preset=&#8221;165216cd-e013-4a74-91a7-bf7fc3814105&#8243; global_colors_info=&#8221;{}&#8221;][\/et_pb_button][\/et_pb_column][et_pb_column type=&#8221;2_5&#8243; _builder_version=&#8221;4.27.4&#8243; _module_preset=&#8221;default&#8221; background_image=&#8221;http:\/\/busoshoes.it\/wp-content\/uploads\/2025\/06\/E1A0501-scaled.jpg&#8221; border_radii=&#8221;on|20px|20px|20px|20px&#8221; global_colors_info=&#8221;{}&#8221;][et_pb_divider show_divider=&#8221;off&#8221; _builder_version=&#8221;4.22.0&#8243; _module_preset=&#8221;default&#8221; height_tablet=&#8221;40vw&#8221; height_phone=&#8221;40vw&#8221; height_last_edited=&#8221;on|desktop&#8221; locked=&#8221;off&#8221; global_colors_info=&#8221;{}&#8221;][\/et_pb_divider][\/et_pb_column][\/et_pb_row][\/et_pb_section][et_pb_section fb_built=&#8221;1&#8243; admin_label=&#8221;About&#8221; _builder_version=&#8221;4.22.0&#8243; _module_preset=&#8221;default&#8221; background_color=&#8221;gcid-28366106-ecf8-496b-97f0-6a9be6882356&#8243; locked=&#8221;off&#8221; collapsed=&#8221;on&#8221; global_colors_info=&#8221;{%22gcid-28366106-ecf8-496b-97f0-6a9be6882356%22:%91%22background_color%22%93}&#8221;][et_pb_row column_structure=&#8221;1_2,1_2&#8243; make_equal=&#8221;on&#8221; _builder_version=&#8221;4.22.0&#8243; _module_preset=&#8221;default&#8221; custom_padding=&#8221;||0px|||&#8221; global_colors_info=&#8221;{}&#8221;][et_pb_column type=&#8221;1_2&#8243; _builder_version=&#8221;4.22.0&#8243; _module_preset=&#8221;default&#8221; global_colors_info=&#8221;{}&#8221;][et_pb_image src=&#8221;http:\/\/busoshoes.it\/wp-content\/uploads\/2025\/06\/E1A0929-scaled.jpg&#8221; title_text=&#8221;_E1A0929&#8243; _builder_version=&#8221;4.27.4&#8243; _module_preset=&#8221;default&#8221; border_radii=&#8221;on|20px|20px|20px|20px&#8221; global_colors_info=&#8221;{}&#8221;][\/et_pb_image][\/et_pb_column][et_pb_column type=&#8221;1_2&#8243; _builder_version=&#8221;4.22.0&#8243; _module_preset=&#8221;default&#8221; global_colors_info=&#8221;{}&#8221;][et_pb_text _builder_version=&#8221;4.27.4&#8243; _module_preset=&#8221;878e3369-163f-4e11-b737-022f19a99667&#8243; custom_margin=&#8221;||10px||false|false&#8221; global_colors_info=&#8221;{}&#8221;]<\/p>\n<h1><span style=\"color: #1f1cb2;\">qUALITA&#8217; E STILE PER TUTTE LE DONNE<\/span><\/h1>\n<p>[\/et_pb_text][et_pb_text _builder_version=&#8221;4.27.4&#8243; _module_preset=&#8221;95aa990c-2eaa-4452-b615-b7dea3717bed&#8221; text_text_color=&#8221;#FFFFFF&#8221; global_colors_info=&#8221;{}&#8221;]<\/p>\n<p><span>Alle proprie collezioni BUSO SHOES affianca quelle delle pi\u00f9 innovative realt\u00e0 del settore calzaturiero: sconti su serie esclusive, stock e campionari firmati per un\u00a0<\/span><b>miglior rapporto qualit\u00e0 prezzo!<\/b><\/p>\n<p>&nbsp;<\/p>\n<p>[\/et_pb_text][\/et_pb_column][\/et_pb_row][et_pb_row column_structure=&#8221;1_2,1_2&#8243; _builder_version=&#8221;4.22.0&#8243; _module_preset=&#8221;default&#8221; locked=&#8221;off&#8221; global_colors_info=&#8221;{}&#8221;][et_pb_column type=&#8221;1_2&#8243; _builder_version=&#8221;4.22.0&#8243; _module_preset=&#8221;default&#8221; global_colors_info=&#8221;{}&#8221;][et_pb_text _builder_version=&#8221;4.27.4&#8243; _module_preset=&#8221;867ecb90-5730-4178-be3e-3f9436e33dec&#8221; header_2_text_color=&#8221;#FFFFFF&#8221; global_colors_info=&#8221;{}&#8221;]<\/p>\n<h2><span style=\"color: #1f1cb2;\">un passo alla volta,\u00a0 \u00a0 dal 1967<\/span><\/h2>\n<p>[\/et_pb_text][et_pb_button button_text=&#8221;contatti&#8221; _builder_version=&#8221;4.27.4&#8243; _module_preset=&#8221;5c7717bc-a94f-4a07-aee2-d1ddf2de5485&#8243; hover_enabled=&#8221;0&#8243; locked=&#8221;off&#8221; global_colors_info=&#8221;{}&#8221; button_url=&#8221;@ET-DC@eyJkeW5hbWljIjp0cnVlLCJjb250ZW50IjoicG9zdF9saW5rX3VybF9wYWdlIiwic2V0dGluZ3MiOnsicG9zdF9pZCI6Ijg3NzU5In19@&#8221; _dynamic_attributes=&#8221;button_url&#8221; sticky_enabled=&#8221;0&#8243;][\/et_pb_button][\/et_pb_column][et_pb_column type=&#8221;1_2&#8243; _builder_version=&#8221;4.22.0&#8243; _module_preset=&#8221;default&#8221; global_colors_info=&#8221;{}&#8221;][et_pb_text _builder_version=&#8221;4.27.4&#8243; _module_preset=&#8221;9131dc6f-6ba8-41f9-aeb1-a5cb1cbb43a2&#8243; text_text_color=&#8221;#FFFFFF&#8221; global_colors_info=&#8221;{}&#8221;]<\/p>\n<p>Dal 1967 selezioniamo calzature da donna, realizzate artigianalmente, con materiali di pregio e lavorazioni raffinate.<br data-start=\"1270\" data-end=\"1273\" \/>Ogni paio porta il nostro logo, simbolo di una scelta consapevole, per donne che sanno riconoscere la qualit\u00e0 al primo sguardo\u2026 o al primo passo.<\/p>\n<p>[\/et_pb_text][\/et_pb_column][\/et_pb_row][et_pb_row column_structure=&#8221;1_3,1_3,1_3&#8243; use_custom_gutter=&#8221;on&#8221; gutter_width=&#8221;2&#8243; make_equal=&#8221;on&#8221; _builder_version=&#8221;4.27.4&#8243; _module_preset=&#8221;default&#8221; locked=&#8221;off&#8221; global_colors_info=&#8221;{}&#8221;][et_pb_column type=&#8221;1_3&#8243; _builder_version=&#8221;4.22.0&#8243; _module_preset=&#8221;default&#8221; background_color=&#8221;gcid-bfa7fe62-254b-41c2-9e7c-1655cf29ea48&#8243; custom_padding=&#8221;12vw|20px|20px|20px|false|true&#8221; border_radii=&#8221;on|20px|20px|20px|20px&#8221; global_colors_info=&#8221;{%22gcid-bfa7fe62-254b-41c2-9e7c-1655cf29ea48%22:%91%22background_color%22%93}&#8221;][et_pb_text _builder_version=&#8221;4.27.4&#8243; _module_preset=&#8221;867ecb90-5730-4178-be3e-3f9436e33dec&#8221; header_2_text_color=&#8221;#FFFFFF&#8221; locked=&#8221;off&#8221; global_colors_info=&#8221;{}&#8221;]<\/p>\n<h2><span style=\"color: #ffffff;\">UNA BUONA SCARPA NON SI VEDE, SI SENTE<\/span><\/h2>\n<p>[\/et_pb_text][\/et_pb_column][et_pb_column type=&#8221;1_3&#8243; _builder_version=&#8221;4.27.4&#8243; _module_preset=&#8221;default&#8221; background_image=&#8221;http:\/\/busoshoes.it\/wp-content\/uploads\/2025\/06\/E1A3412-copia-2-scaled.jpg&#8221; border_radii=&#8221;on|20px|20px|20px|20px&#8221; global_colors_info=&#8221;{}&#8221;][et_pb_divider show_divider=&#8221;off&#8221; _builder_version=&#8221;4.22.0&#8243; _module_preset=&#8221;default&#8221; height_tablet=&#8221;40vw&#8221; height_phone=&#8221;40vw&#8221; height_last_edited=&#8221;on|desktop&#8221; locked=&#8221;off&#8221; global_colors_info=&#8221;{}&#8221;][\/et_pb_divider][\/et_pb_column][et_pb_column type=&#8221;1_3&#8243; _builder_version=&#8221;4.27.4&#8243; _module_preset=&#8221;default&#8221; background_image=&#8221;http:\/\/busoshoes.it\/wp-content\/uploads\/2025\/06\/E1A3452-copia-2-scaled.jpg&#8221; border_radii=&#8221;on|20px|20px|20px|20px&#8221; global_colors_info=&#8221;{}&#8221;][et_pb_divider show_divider=&#8221;off&#8221; _builder_version=&#8221;4.22.0&#8243; _module_preset=&#8221;default&#8221; height_tablet=&#8221;40vw&#8221; height_phone=&#8221;40vw&#8221; height_last_edited=&#8221;on|desktop&#8221; locked=&#8221;off&#8221; global_colors_info=&#8221;{}&#8221;][\/et_pb_divider][\/et_pb_column][\/et_pb_row][\/et_pb_section][et_pb_section fb_built=&#8221;1&#8243; admin_label=&#8221;Mission &#038; Vision&#8221; _builder_version=&#8221;4.22.0&#8243; _module_preset=&#8221;default&#8221; background_color=&#8221;gcid-28366106-ecf8-496b-97f0-6a9be6882356&#8243; collapsed=&#8221;on&#8221; global_colors_info=&#8221;{%22gcid-28366106-ecf8-496b-97f0-6a9be6882356%22:%91%22background_color%22%93}&#8221;][et_pb_row column_structure=&#8221;1_2,1_2&#8243; _builder_version=&#8221;4.22.0&#8243; _module_preset=&#8221;default&#8221; border_color_all=&#8221;#FFFFFF&#8221; border_width_bottom=&#8221;1px&#8221; global_colors_info=&#8221;{}&#8221;][et_pb_column type=&#8221;1_2&#8243; _builder_version=&#8221;4.22.0&#8243; _module_preset=&#8221;default&#8221; global_colors_info=&#8221;{}&#8221;][et_pb_text _builder_version=&#8221;4.27.4&#8243; _module_preset=&#8221;11a47d3f-8a86-4bdc-83cf-1ce980d7296c&#8221; header_5_text_color=&#8221;#FFFFFF&#8221; text_orientation=&#8221;right&#8221; text_orientation_tablet=&#8221;left&#8221; text_orientation_phone=&#8221;left&#8221; text_orientation_last_edited=&#8221;on|tablet&#8221; global_colors_info=&#8221;{}&#8221;]<\/p>\n<h5><span style=\"color: #1f1cb2;\">La nostra missione<\/span><\/h5>\n<p>[\/et_pb_text][\/et_pb_column][et_pb_column type=&#8221;1_2&#8243; _builder_version=&#8221;4.22.0&#8243; _module_preset=&#8221;default&#8221; global_colors_info=&#8221;{}&#8221;][et_pb_text _builder_version=&#8221;4.27.4&#8243; _module_preset=&#8221;95aa990c-2eaa-4452-b615-b7dea3717bed&#8221; text_text_color=&#8221;#FFFFFF&#8221; global_colors_info=&#8221;{}&#8221;]<\/p>\n<p>Offrire calzature selezionate con cura, garantendo qualit\u00e0, comfort e stile, valorizzate dal nostro marchio storico. Siamo presenti nei mercati iconici di Torino e Forte dei Marmi per instaurare un contatto diretto e autentico con i clienti, accogliendoli con passione e competenza. Vogliamo che ogni paio di scarpe racconti la nostra storia dal 1967.<\/p>\n<p>[\/et_pb_text][\/et_pb_column][\/et_pb_row][et_pb_row column_structure=&#8221;1_2,1_2&#8243; _builder_version=&#8221;4.22.0&#8243; _module_preset=&#8221;default&#8221; border_color_all=&#8221;#FFFFFF&#8221; border_width_bottom=&#8221;1px&#8221; global_colors_info=&#8221;{}&#8221;][et_pb_column type=&#8221;1_2&#8243; _builder_version=&#8221;4.22.0&#8243; _module_preset=&#8221;default&#8221; global_colors_info=&#8221;{}&#8221;][et_pb_text _builder_version=&#8221;4.27.4&#8243; _module_preset=&#8221;11a47d3f-8a86-4bdc-83cf-1ce980d7296c&#8221; header_5_text_color=&#8221;#FFFFFF&#8221; text_orientation=&#8221;right&#8221; text_orientation_tablet=&#8221;left&#8221; text_orientation_phone=&#8221;left&#8221; text_orientation_last_edited=&#8221;on|tablet&#8221; global_colors_info=&#8221;{}&#8221;]<\/p>\n<h5><span style=\"color: #1f1cb2;\">La nostra visione<\/span><\/h5>\n<p>[\/et_pb_text][\/et_pb_column][et_pb_column type=&#8221;1_2&#8243; _builder_version=&#8221;4.22.0&#8243; _module_preset=&#8221;default&#8221; global_colors_info=&#8221;{}&#8221;][et_pb_text _builder_version=&#8221;4.27.4&#8243; _module_preset=&#8221;95aa990c-2eaa-4452-b615-b7dea3717bed&#8221; text_text_color=&#8221;#FFFFFF&#8221; global_colors_info=&#8221;{}&#8221;]<\/p>\n<p>Diventare un punto di riferimento tra gli appassionati di calzature di alta qualit\u00e0, combinando tradizione artigianale e presenza sui mercati pi\u00f9 prestigiosi. Immaginiamo un percorso di crescita dove il marchio diventa simbolo di eccellenza accessibile, capace di evolversi mantenendo forte il legame con le origini e il territorio.<\/p>\n<p>[\/et_pb_text][\/et_pb_column][\/et_pb_row][et_pb_row column_structure=&#8221;1_2,1_2&#8243; _builder_version=&#8221;4.22.0&#8243; _module_preset=&#8221;default&#8221; border_color_all=&#8221;#FFFFFF&#8221; border_width_bottom=&#8221;1px&#8221; global_colors_info=&#8221;{}&#8221;][et_pb_column type=&#8221;1_2&#8243; _builder_version=&#8221;4.22.0&#8243; _module_preset=&#8221;default&#8221; global_colors_info=&#8221;{}&#8221;][et_pb_text _builder_version=&#8221;4.27.4&#8243; _module_preset=&#8221;11a47d3f-8a86-4bdc-83cf-1ce980d7296c&#8221; header_5_text_color=&#8221;#FFFFFF&#8221; text_orientation=&#8221;right&#8221; text_orientation_tablet=&#8221;left&#8221; text_orientation_phone=&#8221;left&#8221; text_orientation_last_edited=&#8221;on|tablet&#8221; global_colors_info=&#8221;{}&#8221;]<\/p>\n<h5><span style=\"color: #1f1cb2;\">I nostri valori<\/span><\/h5>\n<p>[\/et_pb_text][\/et_pb_column][et_pb_column type=&#8221;1_2&#8243; _builder_version=&#8221;4.22.0&#8243; _module_preset=&#8221;default&#8221; global_colors_info=&#8221;{}&#8221;][et_pb_text _builder_version=&#8221;4.27.4&#8243; _module_preset=&#8221;95aa990c-2eaa-4452-b615-b7dea3717bed&#8221; text_text_color=&#8221;#FFFFFF&#8221; global_colors_info=&#8221;{}&#8221;]<\/p>\n<p>Ogni modello \u00e8 scelto per materiali pregiati e lavorazione accurata, per durare nel tempo. Mettiamo il nostro logo su ogni paio perch\u00e9 siamo orgogliosi e crediamo in ci\u00f2 che offriamo. Crediamo nel confronto diretto \u2013 ogni mercato \u00e8 un\u2019occasione per ascoltare e consigliare. Sappiamo rinnovarci senza tradire le origini: contaminazioni di stile restando fedeli ai nostri valori.<\/p>\n<p>[\/et_pb_text][\/et_pb_column][\/et_pb_row][et_pb_row column_structure=&#8221;1_3,1_3,1_3&#8243; use_custom_gutter=&#8221;on&#8221; gutter_width=&#8221;2&#8243; make_equal=&#8221;on&#8221; _builder_version=&#8221;4.27.4&#8243; _module_preset=&#8221;default&#8221; custom_padding=&#8221;||0px||false|false&#8221; locked=&#8221;off&#8221; global_colors_info=&#8221;{}&#8221;][et_pb_column type=&#8221;1_3&#8243; _builder_version=&#8221;4.27.4&#8243; _module_preset=&#8221;default&#8221; use_background_color_gradient=&#8221;on&#8221; background_color_gradient_stops=&#8221;rgba(0,0,0,0.7) 0%|rgba(0,0,0,0.7) 100%&#8221; background_color_gradient_overlays_image=&#8221;on&#8221; background_image=&#8221;http:\/\/busoshoes.it\/wp-content\/uploads\/2025\/06\/E1A3665-copia-2-scaled.jpg&#8221; custom_padding=&#8221;150px|20px|20px|20px|false|true&#8221; border_radii=&#8221;on|20px|20px|20px|20px&#8221; global_colors_info=&#8221;{}&#8221;][et_pb_text _builder_version=&#8221;4.27.4&#8243; text_font=&#8221;Playfair Display|300|||||||&#8221; text_text_color=&#8221;#1f1cb2&#8243; text_font_size=&#8221;33px&#8221; text_line_height=&#8221;1.8em&#8221; header_font=&#8221;Lily Script One||||||||&#8221; header_text_align=&#8221;center&#8221; header_text_color=&#8221;#ffffff&#8221; header_font_size=&#8221;90px&#8221; header_line_height=&#8221;1.3em&#8221; text_orientation=&#8221;center&#8221; custom_margin=&#8221;-72px||&#8221; locked=&#8221;off&#8221; global_colors_info=&#8221;{}&#8221;]<\/p>\n<p><span style=\"color: #1f1cb2;\"><strong>Dal 1967, una storia di stile e passione<\/strong><\/span><\/p>\n<p>[\/et_pb_text][et_pb_text _builder_version=&#8221;4.27.4&#8243; _module_preset=&#8221;default&#8221; locked=&#8221;off&#8221; global_colors_info=&#8221;{}&#8221;]<\/p>\n<p data-start=\"203\" data-end=\"405\"><span style=\"color: #ffffff;\">Da oltre cinquant\u2019anni calziamo con eleganza generazioni di clienti, portando avanti una tradizione che nasce nel 1967. Ogni scarpa racconta un percorso fatto di cura, dedizione e amore per il mestiere.<\/span><\/p>\n<p>[\/et_pb_text][\/et_pb_column][et_pb_column type=&#8221;1_3&#8243; _builder_version=&#8221;4.27.4&#8243; _module_preset=&#8221;default&#8221; use_background_color_gradient=&#8221;on&#8221; background_color_gradient_stops=&#8221;rgba(0,0,0,0.7) 0%|rgba(0,0,0,0.7) 100%&#8221; background_color_gradient_overlays_image=&#8221;on&#8221; background_image=&#8221;http:\/\/busoshoes.it\/wp-content\/uploads\/2025\/06\/E1A6447-scaled.jpg&#8221; custom_padding=&#8221;150px|20px|20px|20px|false|true&#8221; border_radii=&#8221;on|20px|20px|20px|20px&#8221; global_colors_info=&#8221;{}&#8221;][et_pb_text _builder_version=&#8221;4.27.4&#8243; text_font=&#8221;Playfair Display|300|||||||&#8221; text_text_color=&#8221;#1f1cb2&#8243; text_font_size=&#8221;38px&#8221; text_line_height=&#8221;1.8em&#8221; header_font=&#8221;Lily Script One||||||||&#8221; header_text_align=&#8221;center&#8221; header_text_color=&#8221;#ffffff&#8221; header_font_size=&#8221;90px&#8221; header_line_height=&#8221;1.3em&#8221; text_orientation=&#8221;center&#8221; custom_margin=&#8221;-72px||&#8221; locked=&#8221;off&#8221; global_colors_info=&#8221;{}&#8221;]<\/p>\n<p><span style=\"color: #1f1cb2;\"><strong>Artigianalit\u00e0 che resiste al tempo<\/strong><\/span><\/p>\n<p>[\/et_pb_text][et_pb_text _builder_version=&#8221;4.27.4&#8243; _module_preset=&#8221;default&#8221; global_colors_info=&#8221;{}&#8221;]<\/p>\n<p><span style=\"color: #ffffff;\">Abbiamo scelto sin dall\u2019inizio di affidarci a mani esperte e processi artigianali. Le nostre calzature non sono solo belle da vedere, ma costruite per durare, modellandosi con il tempo e raccontando la storia di chi le indossa.<\/span><\/p>\n<p>[\/et_pb_text][\/et_pb_column][et_pb_column type=&#8221;1_3&#8243; _builder_version=&#8221;4.27.4&#8243; _module_preset=&#8221;default&#8221; use_background_color_gradient=&#8221;on&#8221; background_color_gradient_stops=&#8221;rgba(0,0,0,0.7) 0%|rgba(0,0,0,0.7) 100%&#8221; background_color_gradient_overlays_image=&#8221;on&#8221; background_image=&#8221;http:\/\/busoshoes.it\/wp-content\/uploads\/2025\/06\/E1A6629-scaled.jpg&#8221; custom_padding=&#8221;150px|20px|20px|20px|false|true&#8221; border_radii=&#8221;on|20px|20px|20px|20px&#8221; global_colors_info=&#8221;{}&#8221;][et_pb_text _builder_version=&#8221;4.27.4&#8243; text_font=&#8221;Playfair Display|300|||||||&#8221; text_text_color=&#8221;#1f1cb2&#8243; text_font_size=&#8221;33px&#8221; text_line_height=&#8221;1.8em&#8221; header_font=&#8221;Lily Script One||||||||&#8221; header_text_align=&#8221;center&#8221; header_text_color=&#8221;#ffffff&#8221; header_font_size=&#8221;90px&#8221; header_line_height=&#8221;1.3em&#8221; text_orientation=&#8221;center&#8221; custom_margin=&#8221;-72px||&#8221; locked=&#8221;off&#8221; global_colors_info=&#8221;{}&#8221;]<\/p>\n<p><span style=\"color: #1f1cb2;\"><strong>Eleganza quotidiana<\/strong><\/span><\/p>\n<p>[\/et_pb_text][et_pb_text _builder_version=&#8221;4.27.4&#8243; _module_preset=&#8221;default&#8221; locked=&#8221;off&#8221; global_colors_info=&#8221;{}&#8221;]<\/p>\n<p data-start=\"1050\" data-end=\"1308\"><span style=\"color: #ffffff;\">Le nostre scarpe nascono per accompagnarti ogni giorno con discrezione e stile. Che si tratti di un modello classico o di una novit\u00e0 di stagione, manteniamo sempre fede al nostro principio: l\u2019eleganza \u00e8 un fatto di equilibrio tra comfort, qualit\u00e0 e bellezza.<\/span><\/p>\n<p>[\/et_pb_text][\/et_pb_column][\/et_pb_row][\/et_pb_section]<\/p>\n","protected":false},"excerpt":{"rendered":"<p>Chi SiamoBUSO SHOES dal 1967 Qualit\u00e0 e Artigianalit\u00e0 &#8211; Oltre mezzo secolo di stileIn collaborazione con i migliori calzaturifici della Riviera del Brenta, da sempre BUSO SHOES si rivolge alle donne disegnando e realizzando scarpe artigianali di alta qualit\u00e0 a prezzi contenuti. Eleganza del design, comodit\u00e0 e materiali di pregio fanno di BUSO SHOES un&#8217;eccellenza [&hellip;]<\/p>\n","protected":false},"author":2,"featured_media":0,"parent":0,"menu_order":0,"comment_status":"closed","ping_status":"closed","template":"","meta":{"_et_pb_use_builder":"on","_et_pb_old_content":"","_et_gb_content_width":"","footnotes":""},"class_list":["post-87739","page","type-page","status-publish","hentry"],"_links":{"self":[{"href":"http:\/\/busoshoes.it\/index.php?rest_route=\/wp\/v2\/pages\/87739","targetHints":{"allow":["GET"]}}],"collection":[{"href":"http:\/\/busoshoes.it\/index.php?rest_route=\/wp\/v2\/pages"}],"about":[{"href":"http:\/\/busoshoes.it\/index.php?rest_route=\/wp\/v2\/types\/page"}],"author":[{"embeddable":true,"href":"http:\/\/busoshoes.it\/index.php?rest_route=\/wp\/v2\/users\/2"}],"replies":[{"embeddable":true,"href":"http:\/\/busoshoes.it\/index.php?rest_route=%2Fwp%2Fv2%2Fcomments&post=87739"}],"version-history":[{"count":21,"href":"http:\/\/busoshoes.it\/index.php?rest_route=\/wp\/v2\/pages\/87739\/revisions"}],"predecessor-version":[{"id":88788,"href":"http:\/\/busoshoes.it\/index.php?rest_route=\/wp\/v2\/pages\/87739\/revisions\/88788"}],"wp:attachment":[{"href":"http:\/\/busoshoes.it\/index.php?rest_route=%2Fwp%2Fv2%2Fmedia&parent=87739"}],"curies":[{"name":"wp","href":"https:\/\/api.w.org\/{rel}","templated":true}]}}